{"id":4050,"date":"2024-08-27T15:30:50","date_gmt":"2024-08-27T13:30:50","guid":{"rendered":"https:\/\/www.stmoritz.immo\/?page_id=4050"},"modified":"2025-12-03T19:58:00","modified_gmt":"2025-12-03T18:58:00","slug":"unternehmen","status":"publish","type":"page","link":"https:\/\/www.stmoritz.immo\/de\/unternehmen\/","title":{"rendered":"Unternehmen"},"content":{"rendered":"<div class=\"gb-container gb-container-cd67deb7 pattern-bg\">\n<div class=\"gb-container gb-container-9e4bb9bd\">\n<div class=\"gb-container gb-container-fb706260\">\n\n<h2 class=\"gb-headline gb-headline-5bc45f76 gb-headline-text\">Ihr Immobilienexperte im Oberengadin<\/h2>\n\n\n\n<div class=\"gb-headline gb-headline-2b2468aa\"><span class=\"gb-icon\"><svg viewBox=\"0 0 36.7 3\" xmlns=\"http:\/\/www.w3.org\/2000\/svg\"><path d=\"M0 0h36.7v3H0z\"><\/path><\/svg><\/span><\/div>\n\n\n\n<p>Mit langj\u00e4hriger Erfahrung und gr\u00f6sstem Engagement unterst\u00fctzen wir Sie umfassend in allen Fragen rund um die Bewertung, den Verkauf und die Suche nach Immobilien in St. Moritz und den umliegenden Gemeinden. Von der pr\u00e4zisen Wertermittlung Ihrer Immobilie \u00fcber die professionelle Vermarktung bis hin zur Begleitung beim Kauf oder zur Miete eines neuen Zuhauses \u2013 wir bieten Ihnen einen massgeschneiderten Service, der Ihre individuellen W\u00fcnsche und Ziele stets in den Mittelpunkt stellt.<\/p>\n\n<\/div>\n\n<div class=\"gb-container gb-container-12924e5b\">\n\n<figure class=\"gb-block-image gb-block-image-0d38e509\"><img loading=\"lazy\" decoding=\"async\" width=\"1920\" height=\"1280\" class=\"gb-image gb-image-0d38e509 left-border img\" src=\"https:\/\/www.stmoritz.immo\/wp-content\/uploads\/2024\/11\/stmoritzimmo-viaengiadina.jpg\" alt=\"\" title=\"stmoritzimmo-viaengiadina\" srcset=\"https:\/\/www.stmoritz.immo\/wp-content\/uploads\/2024\/11\/stmoritzimmo-viaengiadina.jpg 1920w, https:\/\/www.stmoritz.immo\/wp-content\/uploads\/2024\/11\/stmoritzimmo-viaengiadina-300x200.jpg 300w, https:\/\/www.stmoritz.immo\/wp-content\/uploads\/2024\/11\/stmoritzimmo-viaengiadina-1024x683.jpg 1024w, https:\/\/www.stmoritz.immo\/wp-content\/uploads\/2024\/11\/stmoritzimmo-viaengiadina-768x512.jpg 768w, https:\/\/www.stmoritz.immo\/wp-content\/uploads\/2024\/11\/stmoritzimmo-viaengiadina-1536x1024.jpg 1536w\" sizes=\"auto, (max-width: 1920px) 100vw, 1920px\" \/><\/figure>\n\n<\/div>\n<\/div>\n<\/div>\n\n<div class=\"gb-container gb-container-7fb4d239\">\n<div class=\"gb-container gb-container-96aaaadd\">\n<div class=\"gb-container gb-container-ca424d65\">\n<div class=\"gb-container gb-container-e7d6bbb8\">\n<div class=\"gb-container gb-container-e8e53e13\">\n\n<figure class=\"gb-block-image gb-block-image-0c1351e5\"><img loading=\"lazy\" decoding=\"async\" width=\"1707\" height=\"2560\" class=\"gb-image gb-image-0c1351e5 top-border img\" src=\"https:\/\/www.stmoritz.immo\/wp-content\/uploads\/2024\/11\/lm-portrait-scaled.jpg\" alt=\"\" title=\"lm-portrait\" srcset=\"https:\/\/www.stmoritz.immo\/wp-content\/uploads\/2024\/11\/lm-portrait-scaled.jpg 1707w, https:\/\/www.stmoritz.immo\/wp-content\/uploads\/2024\/11\/lm-portrait-200x300.jpg 200w, https:\/\/www.stmoritz.immo\/wp-content\/uploads\/2024\/11\/lm-portrait-683x1024.jpg 683w, https:\/\/www.stmoritz.immo\/wp-content\/uploads\/2024\/11\/lm-portrait-768x1152.jpg 768w, https:\/\/www.stmoritz.immo\/wp-content\/uploads\/2024\/11\/lm-portrait-1024x1536.jpg 1024w, https:\/\/www.stmoritz.immo\/wp-content\/uploads\/2024\/11\/lm-portrait-1365x2048.jpg 1365w\" sizes=\"auto, (max-width: 1707px) 100vw, 1707px\" \/><\/figure>\n\n<\/div>\n\n<div class=\"gb-container gb-container-dc968ed8\">\n\n<h3 class=\"gb-headline gb-headline-4768b8a9 gb-headline-text\">Lorenzo Martinucci<\/h3>\n\n\n\n<p class=\"gb-headline gb-headline-105fb3b8 gb-headline-text\"><em>Inhaber<\/em><\/p>\n\n\n\n<p>Steht Ihnen mit Rat und Tat zur Seite. Individuelle Beratung und zielgerichtete Unterst\u00fctzung \u2013 verl\u00e4sslich, l\u00f6sungsorientiert und mit Blick f\u00fcr das Wesentliche.<\/p>\n\n\n\n<p class=\"gb-headline gb-headline-7a58fc94 gb-headline-text\">Ausbildung<\/p>\n\n\n\n<ul class=\"wp-block-list\">\n<li>Primarschule, St. Moritz<\/li>\n\n\n\n<li>Lyceum Alpinum, Zuoz<\/li>\n\n\n\n<li>Hochschule, St. Gallen<\/li>\n\n\n\n<li>Immobilienberater, Bern<\/li>\n\n\n\n<li>Senior Immobilienberater, St. Moritz<\/li>\n\n\n\n<li>Gr\u00fcndung LMPC AG \/ stmoritz.immo<\/li>\n\n\n\n<li>CEPI Zertifikat<\/li>\n\n\n\n<li>In Weiterbildung zum eidg. dipl. Immobilienbewerter<\/li>\n<\/ul>\n\n<\/div>\n<\/div>\n<\/div>\n<\/div>\n<\/div>\n\n<div class=\"gb-container gb-container-24953d63 pattern-bg\">\n<div class=\"gb-container gb-container-e16a9f2a\">\n<div class=\"gb-container gb-container-9608e9b6\">\n\n<h3 class=\"gb-headline gb-headline-6eae5684 gb-headline-text\">Ihr lokaler Makler<\/h3>\n\n\n\n<div class=\"gb-headline gb-headline-33719af2\"><span class=\"gb-icon\"><svg xmlns=\"http:\/\/www.w3.org\/2000\/svg\" viewBox=\"0 0 36.7 3\"><path d=\"M0 0h36.7v3H0z\"><\/path><\/svg><\/span><\/div>\n\n\n\n<p>Ein erstklassiger Service zeichnet sich unter anderem dadurch aus, stets sorgf\u00e4ltig und hingebungsvoll den Vereinbarungen nachzugehen. Um dies zu garantieren, betreuen wir eine begrenzte Anzahl Mandate, sodass Ihre Immobilien-Anliegen niemals zu kurz kommen.<\/p>\n\n\n\n<p>Dank unserer detaillierten Marktkenntnisse und unseres breiten Netzwerks in der Region Oberengadin k\u00f6nnen Sie auf kompetente Beratung und eine effiziente Abwicklung z\u00e4hlen. Vertrauen Sie auf uns als Ihren verl\u00e4sslichen Partner vor Ort und profitieren Sie von unserer Expertise, um den bestm\u00f6glichen Erfolg f\u00fcr Ihr Vorhaben zu erzielen. Entdecken Sie mit uns Ihren pers\u00f6nlichen Heimvorteil und die besondere Lebensqualit\u00e4t im Herzen des Engadins.<\/p>\n\n<\/div>\n\n<div class=\"gb-container gb-container-9a614b96\"><\/div>\n<\/div>\n\n<div class=\"gb-container gb-container-b91e8099\">\n\n<h3 class=\"gb-headline gb-headline-67a366c4 gb-headline-text\">Ihre Kontaktaufnahme ist jederzeit willkommen <\/h3>\n\n\n\n<a class=\"gb-button gb-button-d5018c28 gb-button-text\" href=\"https:\/\/www.stmoritz.immo\/de\/kontakt\/\">KONTAKT<\/a>\n\n<\/div>\n<\/div>","protected":false},"excerpt":{"rendered":"<p>Ihr Immobilienexperte im Oberengadin Mit langj\u00e4hriger Erfahrung und gr\u00f6sstem Engagement unterst\u00fctzen wir Sie umfassend in allen Fragen rund um die Bewertung, den Verkauf und die Suche nach Immobilien in St. Moritz und den umliegenden Gemeinden. Von der pr\u00e4zisen Wertermittlung Ihrer Immobilie \u00fcber die professionelle Vermarktung bis hin zur Begleitung beim Kauf oder zur Miete eines &#8230; <a title=\"Unternehmen\" class=\"read-more\" href=\"https:\/\/www.stmoritz.immo\/de\/unternehmen\/\" aria-label=\"Mehr Informationen \u00fcber Unternehmen\">Weiterlesen &#8230;<\/a><\/p>\n","protected":false},"author":1,"featured_media":0,"parent":0,"menu_order":0,"comment_status":"closed","ping_status":"closed","template":"","meta":{"inline_featured_image":false,"footnotes":""},"class_list":["post-4050","page","type-page","status-publish"],"_links":{"self":[{"href":"https:\/\/www.stmoritz.immo\/de\/wp-json\/wp\/v2\/pages\/4050","targetHints":{"allow":["GET"]}}],"collection":[{"href":"https:\/\/www.stmoritz.immo\/de\/wp-json\/wp\/v2\/pages"}],"about":[{"href":"https:\/\/www.stmoritz.immo\/de\/wp-json\/wp\/v2\/types\/page"}],"author":[{"embeddable":true,"href":"https:\/\/www.stmoritz.immo\/de\/wp-json\/wp\/v2\/users\/1"}],"replies":[{"embeddable":true,"href":"https:\/\/www.stmoritz.immo\/de\/wp-json\/wp\/v2\/comments?post=4050"}],"version-history":[{"count":11,"href":"https:\/\/www.stmoritz.immo\/de\/wp-json\/wp\/v2\/pages\/4050\/revisions"}],"predecessor-version":[{"id":5232,"href":"https:\/\/www.stmoritz.immo\/de\/wp-json\/wp\/v2\/pages\/4050\/revisions\/5232"}],"wp:attachment":[{"href":"https:\/\/www.stmoritz.immo\/de\/wp-json\/wp\/v2\/media?parent=4050"}],"curies":[{"name":"wp","href":"https:\/\/api.w.org\/{rel}","templated":true}]}}