{"id":7,"date":"2024-08-27T12:00:48","date_gmt":"2024-08-27T10:00:48","guid":{"rendered":"https:\/\/gpsites.co\/mason\/?page_id=7"},"modified":"2024-11-26T10:08:47","modified_gmt":"2024-11-26T09:08:47","slug":"home","status":"publish","type":"page","link":"https:\/\/www.stmoritz.immo\/de\/","title":{"rendered":"Home"},"content":{"rendered":"<div class=\"gb-container gb-container-a784eaa4\">\n<div class=\"gb-container gb-container-a7e46c64\">\n<div class=\"gb-container gb-container-29929053\">\n\n<h1 class=\"gb-headline gb-headline-de5b8cd0 gb-headline-text\">Ihr Heimvorteil \u2013 genau das, wonach Sie gesucht haben!<\/h1>\n\n\n\n<div class=\"gb-headline gb-headline-e170e9e8\"><span class=\"gb-icon\"><svg xmlns=\"http:\/\/www.w3.org\/2000\/svg\" viewBox=\"0 0 36.7 3\"><path d=\"M0 0h36.7v3H0z\"><\/path><\/svg><\/span><\/div>\n\n\n\n<p class=\"gb-headline gb-headline-5e1c6794 gb-headline-text\">Willkommen bei Ihrem kompetenten und zuverl\u00e4ssigen Immobilienberater im Oberengadin. Vertrauen Sie auf unsere fundierte lokale Marktkenntnis und entdecken Sie Ihren pers\u00f6nlichen Heimvorteil mit uns als Partner!<\/p>\n\n<\/div>\n<\/div>\n<\/div>\n\n<div class=\"gb-container gb-container-453612d6 pattern-bg2\">\n<div class=\"gb-container gb-container-8be0ab35\">\n<div class=\"gb-container gb-container-6ae31a13\">\n\n<figure class=\"wp-block-image size-full is-resized right-border img\"><img loading=\"lazy\" decoding=\"async\" width=\"400\" height=\"500\" src=\"https:\/\/www.stmoritz.immo\/wp-content\/uploads\/2024\/11\/lm-quote.jpg\" alt=\"\" class=\"wp-image-4719\" style=\"width:160px\" srcset=\"https:\/\/www.stmoritz.immo\/wp-content\/uploads\/2024\/11\/lm-quote.jpg 400w, https:\/\/www.stmoritz.immo\/wp-content\/uploads\/2024\/11\/lm-quote-240x300.jpg 240w\" sizes=\"auto, (max-width: 400px) 100vw, 400px\" \/><\/figure>\n\n<\/div>\n\n<div class=\"gb-container gb-container-b781cf4c\">\n\n<h4 class=\"gb-headline gb-headline-e9f91ebf gb-headline-text\">\u00abDer Immobilienmarkt in St. Moritz verspricht beste Aussichten: Hohe Nachfrage und exklusive Lagen sorgen f\u00fcr wertstabile und attraktive Investitionsm\u00f6glichkeiten. Profitieren Sie von der einzigartigen Lebensqualit\u00e4t und dem langfristigen Wertzuwachs in einer der begehrtesten Regionen der Alpen.\u00bb<\/h4>\n\n\n\n<p class=\"gb-headline gb-headline-dd1c2a62 gb-headline-text\"><em>\u2013 Lorenzo Martinucci, Inhaber <\/em><\/p>\n\n<\/div>\n<\/div>\n<\/div>\n\n<div class=\"gb-container gb-container-9c6e5438\">\n<div class=\"gb-container gb-container-83262ba0\">\n\n<p class=\"gb-headline gb-headline-0e5dc55f gb-headline-text\">Unsere DIENSTLEISTUNGEN<\/p>\n\n\n\n<div class=\"gb-headline gb-headline-b3749b84\"><span class=\"gb-icon\"><svg viewBox=\"0 0 36.7 3\" xmlns=\"http:\/\/www.w3.org\/2000\/svg\"><path d=\"M0 0h36.7v3H0z\"><\/path><\/svg><\/span><\/div>\n\n\n<div class=\"gb-container gb-container-7b5ba7c8\">\n<div class=\"gb-container gb-container-7db3d5e9\">\n\n<h3 class=\"gb-headline gb-headline-31d69bcf gb-headline-text\">Immobilien suchen<\/h3>\n\n\n\n<a class=\"gb-button gb-button-ab37996f gb-button-text button-effect\" href=\"https:\/\/www.stmoritz.immo\/de\/immobilien-suchen\/\">Mehr erfahren<\/a>\n\n<\/div>\n\n<div class=\"gb-container gb-container-ebf9dbb9\">\n\n<h3 class=\"gb-headline gb-headline-9c26618c gb-headline-text\">Immobilien bewerten<\/h3>\n\n\n\n<a class=\"gb-button gb-button-e322c354 gb-button-text button-effect\" href=\"https:\/\/www.stmoritz.immo\/de\/immobilien-bewerten\/\">Mehr erfahren<\/a>\n\n<\/div>\n<\/div>\n<\/div>\n<\/div>\n\n<div class=\"gb-container gb-container-1b800c1a\">\n<div class=\"gb-container gb-container-e0b74856 pattern-bg2\">\n\n<h3 class=\"gb-headline gb-headline-b5e08eb9 gb-headline-text\">M\u00f6chten Sie ein Beratungsgespr\u00e4ch vereinbaren?<\/h3>\n\n\n\n<div class=\"gb-headline gb-headline-c3750c00\"><span class=\"gb-icon\"><svg viewBox=\"0 0 36.7 3\" xmlns=\"http:\/\/www.w3.org\/2000\/svg\"><path d=\"M0 0h36.7v3H0z\"><\/path><\/svg><\/span><\/div>\n\n\n\n<p class=\"has-text-align-center has-dark-teal-color has-text-color has-link-color wp-elements-ee4bc9e62cbe4aef5b1daa97b488aea6\">Wenden Sie sich gerne an uns und wir werden Ihnen in K\u00fcrze antworten.<\/p>\n\n\n\n<a class=\"gb-button gb-button-9f520653 gb-button-text button-effect\" href=\"https:\/\/www.stmoritz.immo\/de\/kontakt\/\">Kontakt<\/a>\n\n<\/div>\n<\/div>","protected":false},"excerpt":{"rendered":"<p>Ihr Heimvorteil \u2013 genau das, wonach Sie gesucht haben! Willkommen bei Ihrem kompetenten und zuverl\u00e4ssigen Immobilienberater im Oberengadin. Vertrauen Sie auf unsere fundierte lokale Marktkenntnis und entdecken Sie Ihren pers\u00f6nlichen Heimvorteil mit uns als Partner! \u00abDer Immobilienmarkt in St. Moritz verspricht beste Aussichten: Hohe Nachfrage und exklusive Lagen sorgen f\u00fcr wertstabile und attraktive Investitionsm\u00f6glichkeiten. Profitieren &#8230; <a title=\"Home\" class=\"read-more\" href=\"https:\/\/www.stmoritz.immo\/de\/\" aria-label=\"Mehr Informationen \u00fcber Home\">Weiterlesen &#8230;<\/a><\/p>\n","protected":false},"author":1,"featured_media":0,"parent":0,"menu_order":0,"comment_status":"closed","ping_status":"closed","template":"","meta":{"inline_featured_image":false,"footnotes":""},"class_list":["post-7","page","type-page","status-publish"],"_links":{"self":[{"href":"https:\/\/www.stmoritz.immo\/de\/wp-json\/wp\/v2\/pages\/7","targetHints":{"allow":["GET"]}}],"collection":[{"href":"https:\/\/www.stmoritz.immo\/de\/wp-json\/wp\/v2\/pages"}],"about":[{"href":"https:\/\/www.stmoritz.immo\/de\/wp-json\/wp\/v2\/types\/page"}],"author":[{"embeddable":true,"href":"https:\/\/www.stmoritz.immo\/de\/wp-json\/wp\/v2\/users\/1"}],"replies":[{"embeddable":true,"href":"https:\/\/www.stmoritz.immo\/de\/wp-json\/wp\/v2\/comments?post=7"}],"version-history":[{"count":7,"href":"https:\/\/www.stmoritz.immo\/de\/wp-json\/wp\/v2\/pages\/7\/revisions"}],"predecessor-version":[{"id":5175,"href":"https:\/\/www.stmoritz.immo\/de\/wp-json\/wp\/v2\/pages\/7\/revisions\/5175"}],"wp:attachment":[{"href":"https:\/\/www.stmoritz.immo\/de\/wp-json\/wp\/v2\/media?parent=7"}],"curies":[{"name":"wp","href":"https:\/\/api.w.org\/{rel}","templated":true}]}}